{"id":12364,"date":"2022-10-14T16:11:59","date_gmt":"2022-10-14T16:11:59","guid":{"rendered":"https:\/\/mimovilyatecnologia.com\/?post_type=product&#038;p=12364"},"modified":"2022-10-14T16:12:34","modified_gmt":"2022-10-14T16:12:34","slug":"samsung-galaxy-a23-64gb-128gb","status":"publish","type":"product","link":"https:\/\/mimovilyatecnologia.com\/index.php\/producto\/samsung-galaxy-a23-64gb-128gb\/","title":{"rendered":"SAMSUNG GALAXY A23 64GB-128GB"},"content":{"rendered":"","protected":false},"excerpt":{"rendered":"<p>El\u00a0Samsung Galaxy A23\u00a0es un smartphone Android con una pantalla de 6.6 pulgadas a resoluci\u00f3n FHD+, potenciado por un procesador Snapdragon 680 con 4GB, 6GB o 8GB de RAM y 64GB o 128GB de almacenamiento interno. Con una c\u00e1mara cu\u00e1druple con lente principal de 50MP en su dorso, el Galaxy A23 tiene una c\u00e1mara frontal de 8MP en el notch en forma de V, una bater\u00eda de 5000 mAh de carga r\u00e1pida, lector de huellas lateral, y corre Android 12.<\/p>\n","protected":false},"featured_media":12365,"comment_status":"open","ping_status":"closed","template":"","meta":{"om_disable_all_campaigns":false,"_monsterinsights_skip_tracking":false,"_monsterinsights_sitenote_active":false,"_monsterinsights_sitenote_note":"","_monsterinsights_sitenote_category":0,"_joinchat":[]},"product_brand":[],"product_cat":[15,69,82],"product_tag":[],"class_list":{"0":"post-12364","1":"product","2":"type-product","3":"status-publish","4":"has-post-thumbnail","6":"product_cat-sin-categorizar","7":"product_cat-celulares","8":"product_cat-samsung","10":"first","11":"instock","12":"sale","13":"shipping-taxable","14":"purchasable","15":"product-type-simple"},"_links":{"self":[{"href":"https:\/\/mimovilyatecnologia.com\/index.php\/wp-json\/wp\/v2\/product\/12364","targetHints":{"allow":["GET"]}}],"collection":[{"href":"https:\/\/mimovilyatecnologia.com\/index.php\/wp-json\/wp\/v2\/product"}],"about":[{"href":"https:\/\/mimovilyatecnologia.com\/index.php\/wp-json\/wp\/v2\/types\/product"}],"replies":[{"embeddable":true,"href":"https:\/\/mimovilyatecnologia.com\/index.php\/wp-json\/wp\/v2\/comments?post=12364"}],"version-history":[{"count":1,"href":"https:\/\/mimovilyatecnologia.com\/index.php\/wp-json\/wp\/v2\/product\/12364\/revisions"}],"predecessor-version":[{"id":12366,"href":"https:\/\/mimovilyatecnologia.com\/index.php\/wp-json\/wp\/v2\/product\/12364\/revisions\/12366"}],"wp:featuredmedia":[{"embeddable":true,"href":"https:\/\/mimovilyatecnologia.com\/index.php\/wp-json\/wp\/v2\/media\/12365"}],"wp:attachment":[{"href":"https:\/\/mimovilyatecnologia.com\/index.php\/wp-json\/wp\/v2\/media?parent=12364"}],"wp:term":[{"taxonomy":"product_brand","embeddable":true,"href":"https:\/\/mimovilyatecnologia.com\/index.php\/wp-json\/wp\/v2\/product_brand?post=12364"},{"taxonomy":"product_cat","embeddable":true,"href":"https:\/\/mimovilyatecnologia.com\/index.php\/wp-json\/wp\/v2\/product_cat?post=12364"},{"taxonomy":"product_tag","embeddable":true,"href":"https:\/\/mimovilyatecnologia.com\/index.php\/wp-json\/wp\/v2\/product_tag?post=12364"}],"curies":[{"name":"wp","href":"https:\/\/api.w.org\/{rel}","templated":true}]}}