{"id":12367,"date":"2022-10-14T17:00:51","date_gmt":"2022-10-14T17:00:51","guid":{"rendered":"https:\/\/mimovilyatecnologia.com\/?post_type=product&#038;p=12367"},"modified":"2022-10-14T17:00:51","modified_gmt":"2022-10-14T17:00:51","slug":"samsung-galaxy-a32-dual-sim-128gb","status":"publish","type":"product","link":"https:\/\/mimovilyatecnologia.com\/index.php\/producto\/samsung-galaxy-a32-dual-sim-128gb\/","title":{"rendered":"SAMSUNG GALAXY A32 DUAL SIM 128GB\u00a0"},"content":{"rendered":"","protected":false},"excerpt":{"rendered":"<p>Dispositivo desbloqueado para que elijas la compa\u00f1\u00eda telef\u00f3nica que prefieras.<\/p>\n<p>Pantalla Super AMOLED de 6.4&#8243;.<\/p>\n<p>Tiene 4 c\u00e1maras traseras de 64Mpx\/8Mpx\/5Mpx\/5Mpx.<\/p>\n<p>C\u00e1mara delantera de 20Mpx.<\/p>\n<p>Procesador MediaTek Helio G80 Octa-Core de 2GHz con 4GB de RAM.<\/p>\n<p>Bater\u00eda de 5000mAh.<\/p>\n<p>Memoria interna de 128GB.<\/p>\n<p>Con reconocimiento facial y sensor de huella dactilar.<\/p>\n","protected":false},"featured_media":12368,"comment_status":"open","ping_status":"closed","template":"","meta":{"om_disable_all_campaigns":false,"_monsterinsights_skip_tracking":false,"_monsterinsights_sitenote_active":false,"_monsterinsights_sitenote_note":"","_monsterinsights_sitenote_category":0,"_joinchat":[]},"product_brand":[],"product_cat":[69,82],"product_tag":[],"class_list":{"0":"post-12367","1":"product","2":"type-product","3":"status-publish","4":"has-post-thumbnail","6":"product_cat-celulares","7":"product_cat-samsung","9":"first","10":"instock","11":"sale","12":"shipping-taxable","13":"purchasable","14":"product-type-simple"},"_links":{"self":[{"href":"https:\/\/mimovilyatecnologia.com\/index.php\/wp-json\/wp\/v2\/product\/12367","targetHints":{"allow":["GET"]}}],"collection":[{"href":"https:\/\/mimovilyatecnologia.com\/index.php\/wp-json\/wp\/v2\/product"}],"about":[{"href":"https:\/\/mimovilyatecnologia.com\/index.php\/wp-json\/wp\/v2\/types\/product"}],"replies":[{"embeddable":true,"href":"https:\/\/mimovilyatecnologia.com\/index.php\/wp-json\/wp\/v2\/comments?post=12367"}],"version-history":[{"count":2,"href":"https:\/\/mimovilyatecnologia.com\/index.php\/wp-json\/wp\/v2\/product\/12367\/revisions"}],"predecessor-version":[{"id":12371,"href":"https:\/\/mimovilyatecnologia.com\/index.php\/wp-json\/wp\/v2\/product\/12367\/revisions\/12371"}],"wp:featuredmedia":[{"embeddable":true,"href":"https:\/\/mimovilyatecnologia.com\/index.php\/wp-json\/wp\/v2\/media\/12368"}],"wp:attachment":[{"href":"https:\/\/mimovilyatecnologia.com\/index.php\/wp-json\/wp\/v2\/media?parent=12367"}],"wp:term":[{"taxonomy":"product_brand","embeddable":true,"href":"https:\/\/mimovilyatecnologia.com\/index.php\/wp-json\/wp\/v2\/product_brand?post=12367"},{"taxonomy":"product_cat","embeddable":true,"href":"https:\/\/mimovilyatecnologia.com\/index.php\/wp-json\/wp\/v2\/product_cat?post=12367"},{"taxonomy":"product_tag","embeddable":true,"href":"https:\/\/mimovilyatecnologia.com\/index.php\/wp-json\/wp\/v2\/product_tag?post=12367"}],"curies":[{"name":"wp","href":"https:\/\/api.w.org\/{rel}","templated":true}]}}