{"id":12377,"date":"2022-10-14T17:29:03","date_gmt":"2022-10-14T17:29:03","guid":{"rendered":"https:\/\/mimovilyatecnologia.com\/?post_type=product&#038;p=12377"},"modified":"2022-10-14T17:29:04","modified_gmt":"2022-10-14T17:29:04","slug":"samsung-galaxy-a53-5g-dual-sim-128-gb","status":"publish","type":"product","link":"https:\/\/mimovilyatecnologia.com\/index.php\/producto\/samsung-galaxy-a53-5g-dual-sim-128-gb\/","title":{"rendered":"SAMSUNG GALAXY A53 5G DUAL SIM 128 GB"},"content":{"rendered":"","protected":false},"excerpt":{"rendered":"<p>Dispositivo desbloqueado para que elijas la compa\u00f1\u00eda telef\u00f3nica que prefieras.<\/p>\n<p>Compatible con redes 5G.<\/p>\n<p>Pantalla Super AMOLED de 6.5&#8243;.<\/p>\n<p>Tiene 4 c\u00e1maras traseras de 64Mpx\/12Mpx\/5Mpx\/5Mpx.<\/p>\n<p>C\u00e1mara delantera de 32Mpx.<\/p>\n<p>Procesador Exynos 1280 Octa-Core de 2.4GHz con 6GB de RAM.<\/p>\n<p>Bater\u00eda de 5000mAh.<\/p>\n<p>Memoria interna de 128GB.<\/p>\n<p>Resistente al agua.<\/p>\n<p>Con reconocimiento facial y sensor de huella dactilar.<\/p>\n<p>Resistente al polvo.<\/p>\n","protected":false},"featured_media":12379,"comment_status":"open","ping_status":"closed","template":"","meta":{"om_disable_all_campaigns":false,"_monsterinsights_skip_tracking":false,"_monsterinsights_sitenote_active":false,"_monsterinsights_sitenote_note":"","_monsterinsights_sitenote_category":0,"_joinchat":[]},"product_brand":[],"product_cat":[69,82],"product_tag":[],"class_list":{"0":"post-12377","1":"product","2":"type-product","3":"status-publish","4":"has-post-thumbnail","6":"product_cat-celulares","7":"product_cat-samsung","9":"first","10":"instock","11":"sale","12":"shipping-taxable","13":"purchasable","14":"product-type-simple"},"_links":{"self":[{"href":"https:\/\/mimovilyatecnologia.com\/index.php\/wp-json\/wp\/v2\/product\/12377","targetHints":{"allow":["GET"]}}],"collection":[{"href":"https:\/\/mimovilyatecnologia.com\/index.php\/wp-json\/wp\/v2\/product"}],"about":[{"href":"https:\/\/mimovilyatecnologia.com\/index.php\/wp-json\/wp\/v2\/types\/product"}],"replies":[{"embeddable":true,"href":"https:\/\/mimovilyatecnologia.com\/index.php\/wp-json\/wp\/v2\/comments?post=12377"}],"version-history":[{"count":1,"href":"https:\/\/mimovilyatecnologia.com\/index.php\/wp-json\/wp\/v2\/product\/12377\/revisions"}],"predecessor-version":[{"id":12380,"href":"https:\/\/mimovilyatecnologia.com\/index.php\/wp-json\/wp\/v2\/product\/12377\/revisions\/12380"}],"wp:featuredmedia":[{"embeddable":true,"href":"https:\/\/mimovilyatecnologia.com\/index.php\/wp-json\/wp\/v2\/media\/12379"}],"wp:attachment":[{"href":"https:\/\/mimovilyatecnologia.com\/index.php\/wp-json\/wp\/v2\/media?parent=12377"}],"wp:term":[{"taxonomy":"product_brand","embeddable":true,"href":"https:\/\/mimovilyatecnologia.com\/index.php\/wp-json\/wp\/v2\/product_brand?post=12377"},{"taxonomy":"product_cat","embeddable":true,"href":"https:\/\/mimovilyatecnologia.com\/index.php\/wp-json\/wp\/v2\/product_cat?post=12377"},{"taxonomy":"product_tag","embeddable":true,"href":"https:\/\/mimovilyatecnologia.com\/index.php\/wp-json\/wp\/v2\/product_tag?post=12377"}],"curies":[{"name":"wp","href":"https:\/\/api.w.org\/{rel}","templated":true}]}}