{"id":12384,"date":"2022-10-14T17:54:54","date_gmt":"2022-10-14T17:54:54","guid":{"rendered":"https:\/\/mimovilyatecnologia.com\/?post_type=product&#038;p=12384"},"modified":"2026-03-01T23:03:32","modified_gmt":"2026-03-01T23:03:32","slug":"moto-e20-dual-sim-32gb","status":"publish","type":"product","link":"https:\/\/mimovilyatecnologia.com\/index.php\/producto\/moto-e20-dual-sim-32gb\/","title":{"rendered":"MOTO E20 DUAL SIM 32GB"},"content":{"rendered":"","protected":false},"excerpt":{"rendered":"<p>Dispositivo desbloqueado para que elijas la compa\u00f1\u00eda telef\u00f3nica que prefieras.<\/p>\n<p>Pantalla IPS de 6.5&#8243;.<\/p>\n<p>Tiene 2 c\u00e1maras traseras de 13Mpx\/2Mpx.<\/p>\n<p>C\u00e1mara delantera de 5Mpx.<\/p>\n<p>Procesador Unisoc T606 Octa-Core de 1.6GHz con 2GB de RAM.<\/p>\n<p>Bater\u00eda de 4000mAh.<\/p>\n<p>Memoria interna de 32GB.<\/p>\n<p>A prueba de agua.<\/p>\n<p>Con reconocimiento facial y sensor de huella dactilar.<\/p>\n<p>Resistente al polvo.<\/p>\n","protected":false},"featured_media":12385,"comment_status":"open","ping_status":"closed","template":"","meta":{"om_disable_all_campaigns":false,"_monsterinsights_skip_tracking":false,"_monsterinsights_sitenote_active":false,"_monsterinsights_sitenote_note":"","_monsterinsights_sitenote_category":0,"_joinchat":[]},"product_brand":[],"product_cat":[69,83],"product_tag":[],"class_list":{"0":"post-12384","1":"product","2":"type-product","3":"status-publish","4":"has-post-thumbnail","6":"product_cat-celulares","7":"product_cat-motorola","9":"first","10":"instock","11":"sale","12":"shipping-taxable","13":"purchasable","14":"product-type-simple"},"_links":{"self":[{"href":"https:\/\/mimovilyatecnologia.com\/index.php\/wp-json\/wp\/v2\/product\/12384","targetHints":{"allow":["GET"]}}],"collection":[{"href":"https:\/\/mimovilyatecnologia.com\/index.php\/wp-json\/wp\/v2\/product"}],"about":[{"href":"https:\/\/mimovilyatecnologia.com\/index.php\/wp-json\/wp\/v2\/types\/product"}],"replies":[{"embeddable":true,"href":"https:\/\/mimovilyatecnologia.com\/index.php\/wp-json\/wp\/v2\/comments?post=12384"}],"version-history":[{"count":1,"href":"https:\/\/mimovilyatecnologia.com\/index.php\/wp-json\/wp\/v2\/product\/12384\/revisions"}],"predecessor-version":[{"id":12386,"href":"https:\/\/mimovilyatecnologia.com\/index.php\/wp-json\/wp\/v2\/product\/12384\/revisions\/12386"}],"wp:featuredmedia":[{"embeddable":true,"href":"https:\/\/mimovilyatecnologia.com\/index.php\/wp-json\/wp\/v2\/media\/12385"}],"wp:attachment":[{"href":"https:\/\/mimovilyatecnologia.com\/index.php\/wp-json\/wp\/v2\/media?parent=12384"}],"wp:term":[{"taxonomy":"product_brand","embeddable":true,"href":"https:\/\/mimovilyatecnologia.com\/index.php\/wp-json\/wp\/v2\/product_brand?post=12384"},{"taxonomy":"product_cat","embeddable":true,"href":"https:\/\/mimovilyatecnologia.com\/index.php\/wp-json\/wp\/v2\/product_cat?post=12384"},{"taxonomy":"product_tag","embeddable":true,"href":"https:\/\/mimovilyatecnologia.com\/index.php\/wp-json\/wp\/v2\/product_tag?post=12384"}],"curies":[{"name":"wp","href":"https:\/\/api.w.org\/{rel}","templated":true}]}}