{"id":12406,"date":"2022-10-14T18:40:24","date_gmt":"2022-10-14T18:40:24","guid":{"rendered":"https:\/\/mimovilyatecnologia.com\/?post_type=product&#038;p=12406"},"modified":"2026-04-14T19:11:12","modified_gmt":"2026-04-14T19:11:12","slug":"moto-g31-dual-sim-128gb-4gb-ram","status":"publish","type":"product","link":"https:\/\/mimovilyatecnologia.com\/index.php\/producto\/moto-g31-dual-sim-128gb-4gb-ram\/","title":{"rendered":"MOTO G31 DUAL SIM 128GB  4GB RAM"},"content":{"rendered":"","protected":false},"excerpt":{"rendered":"<p>Dispositivo desbloqueado para que elijas la compa\u00f1\u00eda telef\u00f3nica que prefieras.<\/p>\n<p>Pantalla OLED de 6.4&#8243;.<\/p>\n<p>Tiene 3 c\u00e1maras traseras de 50Mpx\/8Mpx\/2Mpx.<\/p>\n<p>C\u00e1mara delantera de 13Mpx.<\/p>\n<p>Procesador MediaTek Helio G85 Octa-Core de 2GHz con 4GB de RAM.<\/p>\n<p>Bater\u00eda de 5000mAh.<\/p>\n<p>Memoria interna de 128GB.<\/p>\n<p>Resistente a las salpicaduras.<\/p>\n<p>Con reconocimiento facial y sensor de huella dactilar.<\/p>\n","protected":false},"featured_media":12407,"comment_status":"open","ping_status":"closed","template":"","meta":{"om_disable_all_campaigns":false,"_monsterinsights_skip_tracking":false,"_monsterinsights_sitenote_active":false,"_monsterinsights_sitenote_note":"","_monsterinsights_sitenote_category":0,"_joinchat":[]},"product_brand":[],"product_cat":[69,83],"product_tag":[],"class_list":{"0":"post-12406","1":"product","2":"type-product","3":"status-publish","4":"has-post-thumbnail","6":"product_cat-celulares","7":"product_cat-motorola","9":"first","10":"instock","11":"sale","12":"shipping-taxable","13":"purchasable","14":"product-type-simple"},"_links":{"self":[{"href":"https:\/\/mimovilyatecnologia.com\/index.php\/wp-json\/wp\/v2\/product\/12406","targetHints":{"allow":["GET"]}}],"collection":[{"href":"https:\/\/mimovilyatecnologia.com\/index.php\/wp-json\/wp\/v2\/product"}],"about":[{"href":"https:\/\/mimovilyatecnologia.com\/index.php\/wp-json\/wp\/v2\/types\/product"}],"replies":[{"embeddable":true,"href":"https:\/\/mimovilyatecnologia.com\/index.php\/wp-json\/wp\/v2\/comments?post=12406"}],"version-history":[{"count":1,"href":"https:\/\/mimovilyatecnologia.com\/index.php\/wp-json\/wp\/v2\/product\/12406\/revisions"}],"predecessor-version":[{"id":12408,"href":"https:\/\/mimovilyatecnologia.com\/index.php\/wp-json\/wp\/v2\/product\/12406\/revisions\/12408"}],"wp:featuredmedia":[{"embeddable":true,"href":"https:\/\/mimovilyatecnologia.com\/index.php\/wp-json\/wp\/v2\/media\/12407"}],"wp:attachment":[{"href":"https:\/\/mimovilyatecnologia.com\/index.php\/wp-json\/wp\/v2\/media?parent=12406"}],"wp:term":[{"taxonomy":"product_brand","embeddable":true,"href":"https:\/\/mimovilyatecnologia.com\/index.php\/wp-json\/wp\/v2\/product_brand?post=12406"},{"taxonomy":"product_cat","embeddable":true,"href":"https:\/\/mimovilyatecnologia.com\/index.php\/wp-json\/wp\/v2\/product_cat?post=12406"},{"taxonomy":"product_tag","embeddable":true,"href":"https:\/\/mimovilyatecnologia.com\/index.php\/wp-json\/wp\/v2\/product_tag?post=12406"}],"curies":[{"name":"wp","href":"https:\/\/api.w.org\/{rel}","templated":true}]}}