{"id":12412,"date":"2022-10-14T18:50:01","date_gmt":"2022-10-14T18:50:01","guid":{"rendered":"https:\/\/mimovilyatecnologia.com\/?post_type=product&#038;p=12412"},"modified":"2025-08-05T02:49:24","modified_gmt":"2025-08-05T02:49:24","slug":"zte-a5-2020-dual-sim-64gb-2gb-ram","status":"publish","type":"product","link":"https:\/\/mimovilyatecnologia.com\/index.php\/producto\/zte-a5-2020-dual-sim-64gb-2gb-ram\/","title":{"rendered":"ZTE A5 2020 DUAL SIM 64GB 2GB RAM"},"content":{"rendered":"","protected":false},"excerpt":{"rendered":"<p>Dispositivo desbloqueado para que elijas la compa\u00f1\u00eda telef\u00f3nica que prefieras.<\/p>\n<p>Pantalla IPS de 6.088&#8243;.<\/p>\n<p>Tiene 2 c\u00e1maras traseras de 13Mpx\/2Mpx.<\/p>\n<p>C\u00e1mara delantera de 8Mpx.<\/p>\n<p>Procesador Unisoc SC9863A Octa-Core de 1.6GHz con 2GB de RAM.<\/p>\n<p>Bater\u00eda de 3200mAh.<\/p>\n<p>Memoria interna de 64GB.<\/p>\n<p>Con reconocimiento facial.<\/p>\n","protected":false},"featured_media":12413,"comment_status":"open","ping_status":"closed","template":"","meta":{"om_disable_all_campaigns":false,"_monsterinsights_skip_tracking":false,"_monsterinsights_sitenote_active":false,"_monsterinsights_sitenote_note":"","_monsterinsights_sitenote_category":0,"_joinchat":[]},"product_brand":[],"product_cat":[69,95],"product_tag":[],"class_list":{"0":"post-12412","1":"product","2":"type-product","3":"status-publish","4":"has-post-thumbnail","6":"product_cat-celulares","7":"product_cat-zte","9":"first","10":"instock","11":"shipping-taxable","12":"purchasable","13":"product-type-simple"},"_links":{"self":[{"href":"https:\/\/mimovilyatecnologia.com\/index.php\/wp-json\/wp\/v2\/product\/12412","targetHints":{"allow":["GET"]}}],"collection":[{"href":"https:\/\/mimovilyatecnologia.com\/index.php\/wp-json\/wp\/v2\/product"}],"about":[{"href":"https:\/\/mimovilyatecnologia.com\/index.php\/wp-json\/wp\/v2\/types\/product"}],"replies":[{"embeddable":true,"href":"https:\/\/mimovilyatecnologia.com\/index.php\/wp-json\/wp\/v2\/comments?post=12412"}],"version-history":[{"count":2,"href":"https:\/\/mimovilyatecnologia.com\/index.php\/wp-json\/wp\/v2\/product\/12412\/revisions"}],"predecessor-version":[{"id":12415,"href":"https:\/\/mimovilyatecnologia.com\/index.php\/wp-json\/wp\/v2\/product\/12412\/revisions\/12415"}],"wp:featuredmedia":[{"embeddable":true,"href":"https:\/\/mimovilyatecnologia.com\/index.php\/wp-json\/wp\/v2\/media\/12413"}],"wp:attachment":[{"href":"https:\/\/mimovilyatecnologia.com\/index.php\/wp-json\/wp\/v2\/media?parent=12412"}],"wp:term":[{"taxonomy":"product_brand","embeddable":true,"href":"https:\/\/mimovilyatecnologia.com\/index.php\/wp-json\/wp\/v2\/product_brand?post=12412"},{"taxonomy":"product_cat","embeddable":true,"href":"https:\/\/mimovilyatecnologia.com\/index.php\/wp-json\/wp\/v2\/product_cat?post=12412"},{"taxonomy":"product_tag","embeddable":true,"href":"https:\/\/mimovilyatecnologia.com\/index.php\/wp-json\/wp\/v2\/product_tag?post=12412"}],"curies":[{"name":"wp","href":"https:\/\/api.w.org\/{rel}","templated":true}]}}